{"id":1806,"date":"2016-03-03T03:34:03","date_gmt":"2016-03-03T03:34:03","guid":{"rendered":"\/?page_id=1806"},"modified":"2022-11-02T12:28:58","modified_gmt":"2022-11-02T12:28:58","slug":"connect-us","status":"publish","type":"page","link":"https:\/\/senaschools.com\/en\/connect-us\/","title":{"rendered":"Contact us"},"content":{"rendered":"<p><div class=\"fusion-fullwidth fullwidth-box fusion-builder-row-1 nonhundred-percent-fullwidth non-hundred-percent-height-scrolling\" style=\"--awb-background-position:left top;--awb-border-sizes-top:0px;--awb-border-sizes-bottom:0px;--awb-border-sizes-left:0px;--awb-border-sizes-right:0px;--awb-border-radius-top-left:0px;--awb-border-radius-top-right:0px;--awb-border-radius-bottom-right:0px;--awb-border-radius-bottom-left:0px;--awb-padding-top:0px;--awb-padding-bottom:90px;--awb-flex-wrap:wrap;\" ><div class=\"fusion-builder-row fusion-row\"><div class=\"fusion-layout-column fusion_builder_column fusion-builder-column-0 fusion_builder_column_1_1 1_1 fusion-one-full fusion-column-first fusion-column-last fusion-column-no-min-height\" style=\"--awb-bg-blend:overlay;--awb-bg-size:cover;--awb-margin-top:12px;--awb-margin-bottom:50px;\"><div class=\"fusion-column-wrapper fusion-flex-column-wrapper-legacy\"><div class=\"fusion-title title fusion-title-1 fusion-title-center fusion-title-text fusion-title-size-two\" style=\"--awb-margin-top:30px;\"><div class=\"title-sep-container title-sep-container-left\"><div class=\"title-sep sep- sep-solid\" style=\"border-color:#e0dede;\"><\/div><\/div><span class=\"awb-title-spacer\"><\/span><h2 class=\"fusion-title-heading title-heading-center fusion-responsive-typography-calculated\" style=\"margin:0;--fontSize:48;line-height:1.2;\">Contact us<\/h2><span class=\"awb-title-spacer\"><\/span><div class=\"title-sep-container title-sep-container-right\"><div class=\"title-sep sep- sep-solid\" style=\"border-color:#e0dede;\"><\/div><\/div><\/div><div class=\"fusion-text fusion-text-1\"><p style=\"text-align: center;\"> For any inquiries, please contact us via social media platforms or the following numbers:<\/p>\n<\/div><div class=\"fusion-clearfix\"><\/div><\/div><\/div><div class=\"fusion-layout-column fusion_builder_column fusion-builder-column-1 fusion_builder_column_1_3 1_3 fusion-one-third fusion-column-first\" style=\"--awb-padding-top:27px;--awb-padding-right:25px;--awb-padding-bottom:25px;--awb-padding-left:25px;--awb-overflow:hidden;--awb-bg-blend:overlay;--awb-bg-size:cover;--awb-box-shadow:0px 10px 51px 3px rgba(0,0,0,0.15);;--awb-border-color:#ededed;--awb-border-top:1px;--awb-border-right:1px;--awb-border-bottom:1px;--awb-border-left:1px;--awb-border-style:solid;--awb-border-radius:12px 12px 12px 12px;--awb-margin-top:8px;--awb-margin-bottom:6px;width:33.333333333333%;width:calc(33.333333333333% - ( ( 3% ) * 0.33333333333333 ) );margin-right: 3%;\"><div class=\"fusion-column-wrapper fusion-column-has-shadow fusion-flex-column-wrapper-legacy\"><div class=\"fusion-title title fusion-title-2 fusion-title-center fusion-title-text fusion-title-size-three\" style=\"--awb-margin-bottom:10px;\"><div class=\"title-sep-container title-sep-container-left\"><div class=\"title-sep sep- sep-solid\" style=\"border-color:#e0dede;\"><\/div><\/div><span class=\"awb-title-spacer\"><\/span><h3 class=\"fusion-title-heading title-heading-center fusion-responsive-typography-calculated\" style=\"margin:0;--fontSize:28;line-height:1.6;\">The main branch<\/h3><span class=\"awb-title-spacer\"><\/span><div class=\"title-sep-container title-sep-container-right\"><div class=\"title-sep sep- sep-solid\" style=\"border-color:#e0dede;\"><\/div><\/div><\/div><div class=\"fusion-text fusion-text-2\"><p style=\"text-align: center;\"><b style=\"font-size: 15px;\" data-fusion-font=\"true\">34480 Kayaba\u015f\u0131 Mah. Ulubatl\u0131 Hasan Cad. E Blok Apt. No: 2J, Ba\u015fak\u015fehir \/ \u0130stanbul<\/b><\/p>\n<\/div><ul style=\"--awb-size:21px;--awb-iconcolor:#ed7d26;--awb-line-height:35.7px;--awb-icon-width:35.7px;--awb-icon-height:35.7px;--awb-icon-margin:14.7px;--awb-content-margin:50.4px;\" class=\"fusion-checklist fusion-checklist-1 fusion-checklist-default type-icons\"><li class=\"fusion-li-item\" style=\"\"><span class=\"icon-wrapper circle-no\"><i class=\"fusion-li-icon fa-envelope fas\" aria-hidden=\"true\"><\/i><\/span><div class=\"fusion-li-item-content\"><span style=\"font-size: 17px;\" data-fusion-font=\"true\"><b>info@senaschools.com<\/b><\/span><\/div><\/li><li class=\"fusion-li-item\" style=\"\"><span class=\"icon-wrapper circle-no\"><i class=\"fusion-li-icon fa-phone-square fas\" aria-hidden=\"true\"><\/i><\/span><div class=\"fusion-li-item-content\">\n<p data-fusion-font=\"true\"><strong><span style=\"font-size: 18px;\">444 50 40 (212) 90<\/span><\/strong><span style=\"background-color: rgba(255, 255, 255, 0); font-family: var(--body_typography-font-family); font-style: var(--body_typography-font-style,normal); font-weight: var(--body_typography-font-weight); letter-spacing: var(--body_typography-letter-spacing);\">+<\/span><\/p>\n<\/div><\/li><\/ul><ul style=\"--awb-size:21px;--awb-iconcolor:#ed7d26;--awb-line-height:35.7px;--awb-icon-width:35.7px;--awb-icon-height:35.7px;--awb-icon-margin:14.7px;--awb-content-margin:50.4px;\" class=\"fusion-checklist fusion-checklist-2 fusion-checklist-default type-icons\"><li class=\"fusion-li-item\" style=\"\"><span class=\"icon-wrapper circle-no\"><i class=\"fusion-li-icon fa-mobile-alt fas\" aria-hidden=\"true\"><\/i><\/span><div class=\"fusion-li-item-content\">\n<p style=\"text-align: right;\"><span style=\"font-size: 18px;\">11 52 200 536 90+<\/span><\/p>\n<\/div><\/li><li class=\"fusion-li-item\" style=\"\"><span class=\"icon-wrapper circle-no\"><i class=\"fusion-li-icon fa-mobile-alt fas\" aria-hidden=\"true\"><\/i><\/span><div class=\"fusion-li-item-content\">\n<p style=\"text-align: right;\"><span style=\"font-size: 18px;\">11 53 200 536 90+<\/span><\/p>\n<\/div><\/li><\/ul><div class=\"fusion-text fusion-text-3\"><\/div><div class=\"aligncenter\"><div class=\"fusion-social-links fusion-social-links-1\" style=\"--awb-margin-top:0px;--awb-margin-right:0px;--awb-margin-bottom:0px;--awb-margin-left:0px;--awb-alignment:center;--awb-box-border-top:0px;--awb-box-border-right:0px;--awb-box-border-bottom:0px;--awb-box-border-left:0px;--awb-icon-colors-hover:rgba(190,189,189,0.8);--awb-box-colors-hover:rgba(232,232,232,0.8);--awb-box-border-color:var(--awb-color3);--awb-box-border-color-hover:var(--awb-color4);\"><div class=\"fusion-social-networks boxed-icons color-type-brand\"><div class=\"fusion-social-networks-wrapper\"><a class=\"fusion-social-network-icon fusion-tooltip fusion-facebook awb-icon-facebook\" style=\"color:#ffffff;font-size:16px;width:16px;background-color:#3b5998;border-color:#3b5998;border-radius:4px;\" data-placement=\"top\" data-title=\"Facebook\" data-toggle=\"tooltip\" title=\"Facebook\" aria-label=\"facebook\" target=\"_blank\" rel=\"noopener noreferrer\" href=\"https:\/\/www.facebook.com\/SenaSchools\/\"><\/a><a class=\"fusion-social-network-icon fusion-tooltip fusion-youtube awb-icon-youtube\" style=\"color:#ffffff;font-size:16px;width:16px;background-color:#cd201f;border-color:#cd201f;border-radius:4px;\" data-placement=\"top\" data-title=\"YouTube\" data-toggle=\"tooltip\" title=\"YouTube\" aria-label=\"youtube\" target=\"_blank\" rel=\"noopener noreferrer\" href=\"https:\/\/www.youtube.com\/channel\/UCU-uwMRfXoDb-YEFVbJdDDg\"><\/a><a class=\"fusion-social-network-icon fusion-tooltip fusion-instagram awb-icon-instagram\" style=\"color:#ffffff;font-size:16px;width:16px;background-color:#c13584;border-color:#c13584;border-radius:4px;\" data-placement=\"top\" data-title=\"Instagram\" data-toggle=\"tooltip\" title=\"Instagram\" aria-label=\"instagram\" target=\"_blank\" rel=\"noopener noreferrer\" href=\"https:\/\/www.instagram.com\/sena.schools\/\"><\/a><\/div><\/div><\/div><\/div><div class=\"fusion-text fusion-text-4\"><\/div><div class=\"fusion-text fusion-text-5\"><\/div><div class=\"fusion-text fusion-text-6\"><\/div><div class=\"fusion-text fusion-text-7\"><\/div><div class=\"fusion-clearfix\"><\/div><\/div><\/div><div class=\"fusion-layout-column fusion_builder_column fusion-builder-column-2 fusion_builder_column_2_3 2_3 fusion-two-third fusion-column-last\" style=\"--awb-padding-right:25px;--awb-padding-left:3.9875000000000007px;--awb-overflow:hidden;--awb-bg-blend:overlay;--awb-bg-size:cover;--awb-box-shadow:0px 10px 55px 17px rgba(0,0,0,0.15);;--awb-border-color:#ededed;--awb-border-top:1px;--awb-border-right:1px;--awb-border-bottom:1px;--awb-border-left:1px;--awb-border-style:solid;--awb-border-radius:12px 12px 12px 12px;--awb-margin-top:12.99375px;--awb-margin-bottom:0px;width:66.666666666667%;width:calc(66.666666666667% - ( ( 3% ) * 0.66666666666667 ) );\"><div class=\"fusion-column-wrapper fusion-column-has-shadow fusion-flex-column-wrapper-legacy\"><div class=\"fusion-text fusion-text-8\"><h4 class=\"fusion-responsive-typography-calculated\" style=\"--fontsize: 18; line-height: 1.87; --minfontsize: 18; text-align: right;\" data-fontsize=\"18\" data-lineheight=\"33.66px\"><b data-fusion-font=\"true\">Contact us on the following numbers:<img decoding=\"async\" class=\"wp-image-9028 alignleft\" src=\"http:\/\/senaschools.com\/wp-content\/uploads\/2022\/11\/email-1-3.png\" alt=\"\" width=\"338\" height=\"371\" srcset=\"https:\/\/senaschools.com\/wp-content\/uploads\/2022\/11\/email-1-3-200x220.png 200w, https:\/\/senaschools.com\/wp-content\/uploads\/2022\/11\/email-1-3-273x300.png 273w, https:\/\/senaschools.com\/wp-content\/uploads\/2022\/11\/email-1-3-400x439.png 400w, https:\/\/senaschools.com\/wp-content\/uploads\/2022\/11\/email-1-3-600x659.png 600w, https:\/\/senaschools.com\/wp-content\/uploads\/2022\/11\/email-1-3.png 744w\" sizes=\"(max-width: 338px) 100vw, 338px\" \/><\/b><\/h4>\n<div>\n<p style=\"text-align: right;\"><a href=\"http:\/\/wa.me\/905331415311\"><b><img decoding=\"async\" class=\"alignnone wp-image-8946\" src=\"http:\/\/senaschools.com\/wp-content\/uploads\/2022\/11\/whatsapp-2.png\" alt=\"\" width=\"26\" height=\"37\" srcset=\"https:\/\/senaschools.com\/wp-content\/uploads\/2022\/11\/whatsapp-2-200x286.png 200w, https:\/\/senaschools.com\/wp-content\/uploads\/2022\/11\/whatsapp-2-210x300.png 210w, https:\/\/senaschools.com\/wp-content\/uploads\/2022\/11\/whatsapp-2.png 219w\" sizes=\"(max-width: 26px) 100vw, 26px\" \/> Kindergarten Department: +905331415311<\/b><\/a><\/p>\n<\/div>\n<p><a href=\"http:\/\/wa.me\/905528236011\"><img decoding=\"async\" class=\"alignnone wp-image-8946\" src=\"http:\/\/senaschools.com\/wp-content\/uploads\/2022\/11\/whatsapp-2.png\" alt=\"\" width=\"26\" height=\"37\" srcset=\"https:\/\/senaschools.com\/wp-content\/uploads\/2022\/11\/whatsapp-2-200x286.png 200w, https:\/\/senaschools.com\/wp-content\/uploads\/2022\/11\/whatsapp-2-210x300.png 210w, https:\/\/senaschools.com\/wp-content\/uploads\/2022\/11\/whatsapp-2.png 219w\" sizes=\"(max-width: 26px) 100vw, 26px\" \/> <b>Elementary Department: +905528236011<\/b><\/a><\/p>\n<p><a href=\"http:\/\/wa.me\/905362005211\"><b><img decoding=\"async\" class=\"alignnone wp-image-8946\" src=\"http:\/\/senaschools.com\/wp-content\/uploads\/2022\/11\/whatsapp-2.png\" alt=\"\" width=\"26\" height=\"37\" srcset=\"https:\/\/senaschools.com\/wp-content\/uploads\/2022\/11\/whatsapp-2-200x286.png 200w, https:\/\/senaschools.com\/wp-content\/uploads\/2022\/11\/whatsapp-2-210x300.png 210w, https:\/\/senaschools.com\/wp-content\/uploads\/2022\/11\/whatsapp-2.png 219w\" sizes=\"(max-width: 26px) 100vw, 26px\" \/> Male section:<\/b><\/a> <a style=\"font-family: var(--body_typography-font-family); font-size: var(--body_typography-font-size); font-style: var(--body_typography-font-style,normal); font-weight: var(--body_typography-font-weight); letter-spacing: var(--body_typography-letter-spacing);\" href=\"http:\/\/wa.me\/905362005211\"><b>905362005211+<\/b><\/a><\/p>\n<p><a href=\"http:\/\/wa.me\/905362005311\"><b><img decoding=\"async\" class=\"alignnone wp-image-8946\" src=\"http:\/\/senaschools.com\/wp-content\/uploads\/2022\/11\/whatsapp-2.png\" alt=\"\" width=\"26\" height=\"37\" srcset=\"https:\/\/senaschools.com\/wp-content\/uploads\/2022\/11\/whatsapp-2-200x286.png 200w, https:\/\/senaschools.com\/wp-content\/uploads\/2022\/11\/whatsapp-2-210x300.png 210w, https:\/\/senaschools.com\/wp-content\/uploads\/2022\/11\/whatsapp-2.png 219w\" sizes=\"(max-width: 26px) 100vw, 26px\" \/> Female Section: +905362005311<\/b><\/a><\/p>\n<p><a href=\"http:\/\/wa.me\/905362005311\"><b><img decoding=\"async\" class=\"alignnone wp-image-8946\" src=\"http:\/\/senaschools.com\/wp-content\/uploads\/2022\/11\/whatsapp-2.png\" alt=\"\" width=\"26\" height=\"37\" srcset=\"https:\/\/senaschools.com\/wp-content\/uploads\/2022\/11\/whatsapp-2-200x286.png 200w, https:\/\/senaschools.com\/wp-content\/uploads\/2022\/11\/whatsapp-2-210x300.png 210w, https:\/\/senaschools.com\/wp-content\/uploads\/2022\/11\/whatsapp-2.png 219w\" sizes=\"(max-width: 26px) 100vw, 26px\" \/> Student Affairs: +905362005311<\/b><\/a><\/p>\n<p><a href=\"http:\/\/wa.me\/905550665511\"><b><img decoding=\"async\" class=\"alignnone wp-image-8946\" src=\"http:\/\/senaschools.com\/wp-content\/uploads\/2022\/11\/whatsapp-2.png\" alt=\"\" width=\"26\" height=\"37\" srcset=\"https:\/\/senaschools.com\/wp-content\/uploads\/2022\/11\/whatsapp-2-200x286.png 200w, https:\/\/senaschools.com\/wp-content\/uploads\/2022\/11\/whatsapp-2-210x300.png 210w, https:\/\/senaschools.com\/wp-content\/uploads\/2022\/11\/whatsapp-2.png 219w\" sizes=\"(max-width: 26px) 100vw, 26px\" \/> Transportation Department: +905 550665511<\/b><\/a><\/p>\n<\/div><div class=\"fusion-clearfix\"><\/div><\/div><\/div><\/div><\/div><div class=\"fusion-fullwidth fullwidth-box fusion-builder-row-2 fusion-flex-container has-pattern-background has-mask-background nonhundred-percent-fullwidth non-hundred-percent-height-scrolling fusion-no-small-visibility\" style=\"--awb-border-radius-top-left:0px;--awb-border-radius-top-right:0px;--awb-border-radius-bottom-right:0px;--awb-border-radius-bottom-left:0px;--awb-flex-wrap:wrap;\" ><div class=\"fusion-builder-row fusion-row fusion-flex-align-items-flex-start fusion-flex-content-wrap\" style=\"max-width:1216.8px;margin-left: calc(-4% \/ 2 );margin-right: calc(-4% \/ 2 );\"><div class=\"fusion-layout-column fusion_builder_column fusion-builder-column-3 fusion_builder_column_1_1 1_1 fusion-flex-column\" style=\"--awb-padding-top-small:0px;--awb-bg-size:cover;--awb-transform-origin:49% 49%;--awb-width-large:100%;--awb-margin-top-large:0px;--awb-spacing-right-large:0%;--awb-margin-bottom-large:20px;--awb-spacing-left-large:1.92%;--awb-width-medium:100%;--awb-order-medium:0;--awb-spacing-right-medium:1.92%;--awb-spacing-left-medium:1.92%;--awb-width-small:100%;--awb-order-small:0;--awb-margin-top-small:0px;--awb-spacing-right-small:1.92%;--awb-spacing-left-small:1.92%;\"><div class=\"fusion-column-wrapper fusion-column-has-shadow fusion-flex-justify-content-flex-start fusion-content-layout-column\"><iframe src=\"https:\/\/www.google.com\/maps\/embed?pb=!1m14!1m8!1m3!1d12026.317593985345!2d28.7709927!3d41.1000356!3m2!1i1024!2i768!4f13.1!3m3!1m2!1s0x14caaff6c11c7ca1%3A0x74b51eebf20a2a38!2z2YXYr9in2LHYsyDYs9mG2Kcg2KfZhNiv2YjZhNmK2KkgU2VuYSBJbnRlcm5hdGlvbmFsIFNjaG9vbHM!5e0!3m2!1sar!2str!4v1667384984130!5m2!1sar!2str\" width=\"1200\" height=\"450\" style=\"border:0;\" allowfullscreen=\"\" loading=\"lazy\" referrerpolicy=\"no-referrer-when-downgrade\"><\/iframe><\/div><\/div><\/div><\/div><\/p>","protected":false},"excerpt":{"rendered":"","protected":false},"author":1,"featured_media":0,"parent":0,"menu_order":0,"comment_status":"closed","ping_status":"closed","template":"100-width.php","meta":{"_monsterinsights_skip_tracking":false,"_monsterinsights_sitenote_active":false,"_monsterinsights_sitenote_note":"","_monsterinsights_sitenote_category":0,"ngg_post_thumbnail":0,"footnotes":""},"class_list":["post-1806","page","type-page","status-publish","hentry"],"aioseo_notices":[],"_links":{"self":[{"href":"https:\/\/senaschools.com\/en\/wp-json\/wp\/v2\/pages\/1806","targetHints":{"allow":["GET"]}}],"collection":[{"href":"https:\/\/senaschools.com\/en\/wp-json\/wp\/v2\/pages"}],"about":[{"href":"https:\/\/senaschools.com\/en\/wp-json\/wp\/v2\/types\/page"}],"author":[{"embeddable":true,"href":"https:\/\/senaschools.com\/en\/wp-json\/wp\/v2\/users\/1"}],"replies":[{"embeddable":true,"href":"https:\/\/senaschools.com\/en\/wp-json\/wp\/v2\/comments?post=1806"}],"version-history":[{"count":57,"href":"https:\/\/senaschools.com\/en\/wp-json\/wp\/v2\/pages\/1806\/revisions"}],"predecessor-version":[{"id":9029,"href":"https:\/\/senaschools.com\/en\/wp-json\/wp\/v2\/pages\/1806\/revisions\/9029"}],"wp:attachment":[{"href":"https:\/\/senaschools.com\/en\/wp-json\/wp\/v2\/media?parent=1806"}],"curies":[{"name":"wp","href":"https:\/\/api.w.org\/{rel}","templated":true}]}}